{"id":13,"date":"2022-07-07T13:18:24","date_gmt":"2022-07-07T18:18:24","guid":{"rendered":"http:\/\/localhost:8888\/atoq-hoteles\/?page_id=13"},"modified":"2024-12-19T12:54:32","modified_gmt":"2024-12-19T17:54:32","slug":"hoteles","status":"publish","type":"page","link":"https:\/\/atoqhoteles.com\/en\/hoteles\/","title":{"rendered":"Hotels"},"content":{"rendered":"","protected":false},"excerpt":{"rendered":"","protected":false},"author":2,"featured_media":0,"parent":0,"menu_order":0,"comment_status":"closed","ping_status":"closed","template":"temp-hoteles.php","meta":{"_acf_changed":false,"footnotes":""},"class_list":["post-13","page","type-page","status-publish","hentry"],"acf":[],"yoast_head":"<!-- This site is optimized with the Yoast SEO plugin v26.4 - https:\/\/yoast.com\/wordpress\/plugins\/seo\/ -->\n<title>Hotels - Atoq Hoteles<\/title>\n<meta name=\"robots\" content=\"index, follow, max-snippet:-1, max-image-preview:large, max-video-preview:-1\" \/>\n<link rel=\"canonical\" href=\"https:\/\/atoqhoteles.com\/en\/hoteles\/\" \/>\n<meta property=\"og:locale\" content=\"en_US\" \/>\n<meta property=\"og:type\" content=\"article\" \/>\n<meta property=\"og:title\" content=\"Hotels - Atoq Hoteles\" \/>\n<meta property=\"og:url\" content=\"https:\/\/atoqhoteles.com\/en\/hoteles\/\" \/>\n<meta property=\"og:site_name\" content=\"Atoq Hoteles\" \/>\n<meta property=\"article:publisher\" content=\"https:\/\/www.facebook.com\/AtoqHotel\/\" \/>\n<meta property=\"article:modified_time\" content=\"2024-12-19T17:54:32+00:00\" \/>\n<meta name=\"twitter:card\" content=\"summary_large_image\" \/>\n<script type=\"application\/ld+json\" class=\"yoast-schema-graph\">{\"@context\":\"https:\/\/schema.org\",\"@graph\":[{\"@type\":\"WebPage\",\"@id\":\"https:\/\/atoqhoteles.com\/en\/hoteles\/\",\"url\":\"https:\/\/atoqhoteles.com\/en\/hoteles\/\",\"name\":\"Hotels - Atoq Hoteles\",\"isPartOf\":{\"@id\":\"https:\/\/atoqhoteles.com\/en\/#website\"},\"datePublished\":\"2022-07-07T18:18:24+00:00\",\"dateModified\":\"2024-12-19T17:54:32+00:00\",\"breadcrumb\":{\"@id\":\"https:\/\/atoqhoteles.com\/en\/hoteles\/#breadcrumb\"},\"inLanguage\":\"en-US\",\"potentialAction\":[{\"@type\":\"ReadAction\",\"target\":[[\"https:\/\/atoqhoteles.com\/en\/hoteles\/\"]]}]},{\"@type\":\"BreadcrumbList\",\"@id\":\"https:\/\/atoqhoteles.com\/en\/hoteles\/#breadcrumb\",\"itemListElement\":[{\"@type\":\"ListItem\",\"position\":1,\"name\":\"Portada\",\"item\":\"https:\/\/atoqhoteles.com\/en\/\"},{\"@type\":\"ListItem\",\"position\":2,\"name\":\"Hoteles\"}]},{\"@type\":\"WebSite\",\"@id\":\"https:\/\/atoqhoteles.com\/en\/#website\",\"url\":\"https:\/\/atoqhoteles.com\/en\/\",\"name\":\"Atoq Hoteles\",\"description\":\"Disfruta de un viaje inolvidable en una de las ciudades m\u00e1s emblem\u00e1ticas de Suram\u00e9rica - Cusco.\",\"publisher\":{\"@id\":\"https:\/\/atoqhoteles.com\/en\/#organization\"},\"potentialAction\":[{\"@type\":\"SearchAction\",\"target\":{\"@type\":\"EntryPoint\",\"urlTemplate\":\"https:\/\/atoqhoteles.com\/en\/?s={search_term_string}\"},\"query-input\":{\"@type\":\"PropertyValueSpecification\",\"valueRequired\":true,\"valueName\":\"search_term_string\"}}],\"inLanguage\":\"en-US\"},{\"@type\":\"Organization\",\"@id\":\"https:\/\/atoqhoteles.com\/en\/#organization\",\"name\":\"Atoq Hoteles\",\"url\":\"https:\/\/atoqhoteles.com\/en\/\",\"logo\":{\"@type\":\"ImageObject\",\"inLanguage\":\"en-US\",\"@id\":\"https:\/\/atoqhoteles.com\/en\/#\/schema\/logo\/image\/\",\"url\":\"https:\/\/atoqhoteles.com\/wp-content\/uploads\/2022\/10\/Atoq-Hoteles-Logotipo.png\",\"contentUrl\":\"https:\/\/atoqhoteles.com\/wp-content\/uploads\/2022\/10\/Atoq-Hoteles-Logotipo.png\",\"width\":300,\"height\":300,\"caption\":\"Atoq Hoteles\"},\"image\":{\"@id\":\"https:\/\/atoqhoteles.com\/en\/#\/schema\/logo\/image\/\"},\"sameAs\":[\"https:\/\/www.facebook.com\/AtoqHotel\/\",\"https:\/\/www.instagram.com\/atoq.sanblas\/\"]}]}<\/script>\n<!-- \/ Yoast SEO plugin. -->","yoast_head_json":{"title":"Hotels - Atoq Hoteles","robots":{"index":"index","follow":"follow","max-snippet":"max-snippet:-1","max-image-preview":"max-image-preview:large","max-video-preview":"max-video-preview:-1"},"canonical":"https:\/\/atoqhoteles.com\/en\/hoteles\/","og_locale":"en_US","og_type":"article","og_title":"Hotels - Atoq Hoteles","og_url":"https:\/\/atoqhoteles.com\/en\/hoteles\/","og_site_name":"Atoq Hoteles","article_publisher":"https:\/\/www.facebook.com\/AtoqHotel\/","article_modified_time":"2024-12-19T17:54:32+00:00","twitter_card":"summary_large_image","schema":{"@context":"https:\/\/schema.org","@graph":[{"@type":"WebPage","@id":"https:\/\/atoqhoteles.com\/en\/hoteles\/","url":"https:\/\/atoqhoteles.com\/en\/hoteles\/","name":"Hotels - Atoq Hoteles","isPartOf":{"@id":"https:\/\/atoqhoteles.com\/en\/#website"},"datePublished":"2022-07-07T18:18:24+00:00","dateModified":"2024-12-19T17:54:32+00:00","breadcrumb":{"@id":"https:\/\/atoqhoteles.com\/en\/hoteles\/#breadcrumb"},"inLanguage":"en-US","potentialAction":[{"@type":"ReadAction","target":[["https:\/\/atoqhoteles.com\/en\/hoteles\/"]]}]},{"@type":"BreadcrumbList","@id":"https:\/\/atoqhoteles.com\/en\/hoteles\/#breadcrumb","itemListElement":[{"@type":"ListItem","position":1,"name":"Portada","item":"https:\/\/atoqhoteles.com\/en\/"},{"@type":"ListItem","position":2,"name":"Hoteles"}]},{"@type":"WebSite","@id":"https:\/\/atoqhoteles.com\/en\/#website","url":"https:\/\/atoqhoteles.com\/en\/","name":"Atoq Hoteles","description":"Disfruta de un viaje inolvidable en una de las ciudades m\u00e1s emblem\u00e1ticas de Suram\u00e9rica - Cusco.","publisher":{"@id":"https:\/\/atoqhoteles.com\/en\/#organization"},"potentialAction":[{"@type":"SearchAction","target":{"@type":"EntryPoint","urlTemplate":"https:\/\/atoqhoteles.com\/en\/?s={search_term_string}"},"query-input":{"@type":"PropertyValueSpecification","valueRequired":true,"valueName":"search_term_string"}}],"inLanguage":"en-US"},{"@type":"Organization","@id":"https:\/\/atoqhoteles.com\/en\/#organization","name":"Atoq Hoteles","url":"https:\/\/atoqhoteles.com\/en\/","logo":{"@type":"ImageObject","inLanguage":"en-US","@id":"https:\/\/atoqhoteles.com\/en\/#\/schema\/logo\/image\/","url":"https:\/\/atoqhoteles.com\/wp-content\/uploads\/2022\/10\/Atoq-Hoteles-Logotipo.png","contentUrl":"https:\/\/atoqhoteles.com\/wp-content\/uploads\/2022\/10\/Atoq-Hoteles-Logotipo.png","width":300,"height":300,"caption":"Atoq Hoteles"},"image":{"@id":"https:\/\/atoqhoteles.com\/en\/#\/schema\/logo\/image\/"},"sameAs":["https:\/\/www.facebook.com\/AtoqHotel\/","https:\/\/www.instagram.com\/atoq.sanblas\/"]}]}},"_links":{"self":[{"href":"https:\/\/atoqhoteles.com\/en\/wp-json\/wp\/v2\/pages\/13","targetHints":{"allow":["GET"]}}],"collection":[{"href":"https:\/\/atoqhoteles.com\/en\/wp-json\/wp\/v2\/pages"}],"about":[{"href":"https:\/\/atoqhoteles.com\/en\/wp-json\/wp\/v2\/types\/page"}],"author":[{"embeddable":true,"href":"https:\/\/atoqhoteles.com\/en\/wp-json\/wp\/v2\/users\/2"}],"replies":[{"embeddable":true,"href":"https:\/\/atoqhoteles.com\/en\/wp-json\/wp\/v2\/comments?post=13"}],"version-history":[{"count":6,"href":"https:\/\/atoqhoteles.com\/en\/wp-json\/wp\/v2\/pages\/13\/revisions"}],"predecessor-version":[{"id":826,"href":"https:\/\/atoqhoteles.com\/en\/wp-json\/wp\/v2\/pages\/13\/revisions\/826"}],"wp:attachment":[{"href":"https:\/\/atoqhoteles.com\/en\/wp-json\/wp\/v2\/media?parent=13"}],"curies":[{"name":"wp","href":"https:\/\/api.w.org\/{rel}","templated":true}]}}